{"id":2451,"date":"2019-08-17T20:48:46","date_gmt":"2019-08-17T18:48:46","guid":{"rendered":"http:\/\/infiniesgourmandises.fr\/?page_id=2451"},"modified":"2023-03-20T18:07:23","modified_gmt":"2023-03-20T17:07:23","slug":"a-propos","status":"publish","type":"page","link":"https:\/\/infiniesgourmandises.fr\/index.php\/a-propos\/","title":{"rendered":"\u00c0 propos"},"content":{"rendered":"\t\t<div data-elementor-type=\"wp-post\" data-elementor-id=\"2451\" class=\"elementor elementor-2451\">\n\t\t\t\t\t\t\t\t\t<section class=\"elementor-section elementor-top-section elementor-element elementor-element-c212ee2 elementor-section-boxed elementor-section-height-default elementor-section-height-default\" data-id=\"c212ee2\" data-element_type=\"section\">\n\t\t\t\t\t\t<div class=\"elementor-container elementor-column-gap-default\">\n\t\t\t\t\t<div class=\"elementor-column elementor-col-100 elementor-top-column elementor-element elementor-element-4f987a7\" data-id=\"4f987a7\" data-element_type=\"column\">\n\t\t\t<div class=\"elementor-widget-wrap elementor-element-populated\">\n\t\t\t\t\t\t\t\t<div class=\"elementor-element elementor-element-cd4eb6e elementor-widget elementor-widget-image\" data-id=\"cd4eb6e\" data-element_type=\"widget\" data-widget_type=\"image.default\">\n\t\t\t\t<div class=\"elementor-widget-container\">\n\t\t\t\t\t\t\t\t\t\t\t\t\t\t\t<img src=\"https:\/\/infiniesgourmandises.fr\/wp-content\/uploads\/elementor\/thumbs\/1626796542480-pddomv1gxeev6rduvdhumbqw3d5822eahe6tatjff4.jpg\" title=\"1626796542480\" alt=\"1626796542480\" loading=\"lazy\" \/>\t\t\t\t\t\t\t\t\t\t\t\t\t\t\t<\/div>\n\t\t\t\t<\/div>\n\t\t\t\t<div class=\"elementor-element elementor-element-52fadbb elementor-widget elementor-widget-text-editor\" data-id=\"52fadbb\" data-element_type=\"widget\" data-widget_type=\"text-editor.default\">\n\t\t\t\t<div class=\"elementor-widget-container\">\n\t\t\t\t\t\t\t<p>Apr\u00e8s dix-huit ann\u00e9es pass\u00e9es \u00e0 travailler dans l\u2019immobilier, j\u2019ai ressenti le besoin de m\u2019\u00e9panouir dans un domaine plus cr\u00e9atif et manuel. Passionn\u00e9e de p\u00e2tisseries depuis l\u2019enfance j\u2019ai d\u00e9cid\u00e9 de passer mon CAP p\u00e2tisserie en candidat libre en 2018.<\/p><p>Je vous invite \u00e0 d\u00e9couvrir mon univers compos\u00e9 de gourmandises \u00e0 mon image : chocolat\u00e9es, fruit\u00e9es ou vanill\u00e9es, et<span style=\"font-size: 18px;\">\u00a0vous propose une gamme de produits vari\u00e9s tels que des entremets, des gourmandises, des number-cakes ou des cake design.<\/span><\/p><p>Je travaille <span style=\"text-decoration: underline;\">sans aucun conservateur<\/span>, le plus souvent possible en tenant compte des saisons et de la localit\u00e9 des mati\u00e8res premi\u00e8res, les \u0153ufs utilis\u00e9s proviennent uniquement de <span style=\"text-decoration: underline;\">poules \u00e9lev\u00e9es en plein air.<\/span> Le mat\u00e9riel et les ingr\u00e9dients sont choisis pour leur qualit\u00e9, et non pour leur prix!<\/p><p>Aur\u00e9lie<\/p>\t\t\t\t\t\t<\/div>\n\t\t\t\t<\/div>\n\t\t\t\t\t<\/div>\n\t\t<\/div>\n\t\t\t\t\t\t\t<\/div>\n\t\t<\/section>\n\t\t\t\t\t\t\t<\/div>\n\t\t","protected":false},"excerpt":{"rendered":"<p>Apr\u00e8s dix-huit ann\u00e9es pass\u00e9es \u00e0 travailler dans l\u2019immobilier, j\u2019ai ressenti le besoin de m\u2019\u00e9panouir dans un domaine plus cr\u00e9atif et manuel. Passionn\u00e9e de p\u00e2tisseries depuis l\u2019enfance j\u2019ai d\u00e9cid\u00e9 de passer mon CAP p\u00e2tisserie en candidat libre en 2018. Je vous invite \u00e0 d\u00e9couvrir mon univers compos\u00e9 de gourmandises \u00e0 mon image : chocolat\u00e9es, fruit\u00e9es ou [&hellip;]<\/p>\n","protected":false},"author":1,"featured_media":0,"parent":0,"menu_order":0,"comment_status":"closed","ping_status":"closed","template":"","meta":{"_seopress_robots_primary_cat":"","_seopress_titles_title":"\u00c0 propos : Infinies gourmandises","_seopress_titles_desc":"D\u00e9couvrez mon univers compos\u00e9 de gourmandises \u00e0 mon image : chocolat\u00e9es, fruit\u00e9es ou vanill\u00e9es. Entremets, tartes, macarons, p\u00e2tisseries, numbercake, cake design et gourmandises \u00e0 Villeneuve-Loubet, Alpes Maritimes.","_seopress_robots_index":"","_exactmetrics_skip_tracking":false,"_exactmetrics_sitenote_active":false,"_exactmetrics_sitenote_note":"","_exactmetrics_sitenote_category":0,"ocean_post_layout":"full-screen","ocean_both_sidebars_style":"","ocean_both_sidebars_content_width":0,"ocean_both_sidebars_sidebars_width":0,"ocean_sidebar":"0","ocean_second_sidebar":"0","ocean_disable_margins":"on","ocean_add_body_class":"","ocean_shortcode_before_top_bar":"","ocean_shortcode_after_top_bar":"","ocean_shortcode_before_header":"","ocean_shortcode_after_header":"","ocean_has_shortcode":"","ocean_shortcode_after_title":"","ocean_shortcode_before_footer_widgets":"","ocean_shortcode_after_footer_widgets":"","ocean_shortcode_before_footer_bottom":"","ocean_shortcode_after_footer_bottom":"","ocean_display_top_bar":"default","ocean_display_header":"default","ocean_header_style":"minimal","ocean_center_header_left_menu":"0","ocean_custom_header_template":"0","ocean_custom_logo":0,"ocean_custom_retina_logo":0,"ocean_custom_logo_max_width":0,"ocean_custom_logo_tablet_max_width":0,"ocean_custom_logo_mobile_max_width":0,"ocean_custom_logo_max_height":0,"ocean_custom_logo_tablet_max_height":0,"ocean_custom_logo_mobile_max_height":0,"ocean_header_custom_menu":"0","ocean_menu_typo_font_family":"0","ocean_menu_typo_font_subset":"","ocean_menu_typo_font_size":0,"ocean_menu_typo_font_size_tablet":0,"ocean_menu_typo_font_size_mobile":0,"ocean_menu_typo_font_size_unit":"px","ocean_menu_typo_font_weight":"","ocean_menu_typo_font_weight_tablet":"","ocean_menu_typo_font_weight_mobile":"","ocean_menu_typo_transform":"","ocean_menu_typo_transform_tablet":"","ocean_menu_typo_transform_mobile":"","ocean_menu_typo_line_height":0,"ocean_menu_typo_line_height_tablet":0,"ocean_menu_typo_line_height_mobile":0,"ocean_menu_typo_line_height_unit":"","ocean_menu_typo_spacing":0,"ocean_menu_typo_spacing_tablet":0,"ocean_menu_typo_spacing_mobile":0,"ocean_menu_typo_spacing_unit":"","ocean_menu_link_color":"","ocean_menu_link_color_hover":"","ocean_menu_link_color_active":"","ocean_menu_link_background":"","ocean_menu_link_hover_background":"","ocean_menu_link_active_background":"","ocean_menu_social_links_bg":"","ocean_menu_social_hover_links_bg":"","ocean_menu_social_links_color":"","ocean_menu_social_hover_links_color":"","ocean_disable_title":"default","ocean_disable_heading":"default","ocean_post_title":"\u00e0 propos","ocean_post_subheading":"","ocean_post_title_style":"solid-color","ocean_post_title_background_color":"#a9336d","ocean_post_title_background":0,"ocean_post_title_bg_image_position":"","ocean_post_title_bg_image_attachment":"","ocean_post_title_bg_image_repeat":"","ocean_post_title_bg_image_size":"","ocean_post_title_height":0,"ocean_post_title_bg_overlay":0.5,"ocean_post_title_bg_overlay_color":"","ocean_disable_breadcrumbs":"default","ocean_breadcrumbs_color":"","ocean_breadcrumbs_separator_color":"","ocean_breadcrumbs_links_color":"","ocean_breadcrumbs_links_hover_color":"","ocean_display_footer_widgets":"default","ocean_display_footer_bottom":"default","ocean_custom_footer_template":"0","ofc_meta_disable_footer_callout":"","ofc_meta_callout_button_url":"","ofc_meta_callout_button_txt":"","ofc_meta_callout_text":"","ofc_enable_fullscreen":"disable","ofc_fullscreen_speed":0,"ofc_fullscreen_nav":"enable","ofc_fullscreen_nav_pos":"right","ofc_fullscreen_nav_color":"","ofc_fullscreen_nav_tooltip_color":"","ofc_fullscreen_responsive":0,"osp_disable_panel":"default","osh_disable_topbar_sticky":"default","osh_disable_header_sticky":"default","osh_sticky_header_style":"default","osh_sticky_header_effect":"","osh_custom_sticky_logo":0,"osh_custom_retina_sticky_logo":0,"osh_custom_sticky_logo_height":0,"osh_background_color":"","osh_links_color":"","osh_links_hover_color":"","osh_links_active_color":"","osh_links_bg_color":"","osh_links_hover_bg_color":"","osh_links_active_bg_color":"","osh_menu_social_links_color":"","osh_menu_social_hover_links_color":""},"_links":{"self":[{"href":"https:\/\/infiniesgourmandises.fr\/index.php\/wp-json\/wp\/v2\/pages\/2451"}],"collection":[{"href":"https:\/\/infiniesgourmandises.fr\/index.php\/wp-json\/wp\/v2\/pages"}],"about":[{"href":"https:\/\/infiniesgourmandises.fr\/index.php\/wp-json\/wp\/v2\/types\/page"}],"author":[{"embeddable":true,"href":"https:\/\/infiniesgourmandises.fr\/index.php\/wp-json\/wp\/v2\/users\/1"}],"replies":[{"embeddable":true,"href":"https:\/\/infiniesgourmandises.fr\/index.php\/wp-json\/wp\/v2\/comments?post=2451"}],"version-history":[{"count":36,"href":"https:\/\/infiniesgourmandises.fr\/index.php\/wp-json\/wp\/v2\/pages\/2451\/revisions"}],"predecessor-version":[{"id":6603,"href":"https:\/\/infiniesgourmandises.fr\/index.php\/wp-json\/wp\/v2\/pages\/2451\/revisions\/6603"}],"wp:attachment":[{"href":"https:\/\/infiniesgourmandises.fr\/index.php\/wp-json\/wp\/v2\/media?parent=2451"}],"curies":[{"name":"wp","href":"https:\/\/api.w.org\/{rel}","templated":true}]}}