{"id":1308,"date":"2017-02-01T03:52:34","date_gmt":"2017-02-01T03:52:34","guid":{"rendered":"http:\/\/veggie.mythemecloud.io\/?page_id=1308"},"modified":"2026-04-11T16:45:24","modified_gmt":"2026-04-11T14:45:24","slug":"home","status":"publish","type":"page","link":"https:\/\/infiniesgourmandises.fr\/","title":{"rendered":"Accueil"},"content":{"rendered":"\t\t<div data-elementor-type=\"wp-post\" data-elementor-id=\"1308\" class=\"elementor elementor-1308\">\n\t\t\t\t\t\t\t\t\t<section class=\"elementor-section elementor-top-section elementor-element elementor-element-fry1y4o elementor-section-height-min-height elementor-section-items-bottom elementor-section-boxed elementor-section-height-default\" data-id=\"fry1y4o\" data-element_type=\"section\" data-settings=\"{&quot;background_background&quot;:&quot;classic&quot;}\">\n\t\t\t\t\t\t\t<div class=\"elementor-background-overlay\"><\/div>\n\t\t\t\t\t\t\t<div class=\"elementor-container elementor-column-gap-default\">\n\t\t\t\t\t<div class=\"elementor-column elementor-col-100 elementor-top-column elementor-element elementor-element-jvtiwhb\" data-id=\"jvtiwhb\" data-element_type=\"column\">\n\t\t\t<div class=\"elementor-widget-wrap elementor-element-populated\">\n\t\t\t\t\t\t\t\t<div class=\"elementor-element elementor-element-0f7bd2f oew-background-heading-center elementor-align-center elementor-widget elementor-widget-oew-advanced-heading\" data-id=\"0f7bd2f\" data-element_type=\"widget\" data-widget_type=\"oew-advanced-heading.default\">\n\t\t\t\t<div class=\"elementor-widget-container\">\n\t\t\t\n\t\t<div class=\"oew-advanced-heading\">\n\n\t\t\t\t\t\t\t<h2  class=\"oew-main-heading\">\n\t\t\t\t\t<div>\n\t\t\t\t\t\tInfinies Gourmandises\n\n\n\t\t\t\t\t\t\t\t\t\t\t\t\t\t<div class=\"oew-line oew-main-line oew-line-align-left\"><\/div>\n\t\t\t\t\t\t\t\t\t\t\t\t<\/div>\n\t\t\t\t<\/h2>\n\t\t\t\n\t\t<\/div>\n\n\t\t\t<\/div>\n\t\t\t\t<\/div>\n\t\t\t\t\t<\/div>\n\t\t<\/div>\n\t\t\t\t\t\t\t<\/div>\n\t\t<\/section>\n\t\t\t\t<section class=\"elementor-section elementor-top-section elementor-element elementor-element-3d76b69 elementor-section-boxed elementor-section-height-default elementor-section-height-default\" data-id=\"3d76b69\" data-element_type=\"section\">\n\t\t\t\t\t\t<div class=\"elementor-container elementor-column-gap-default\">\n\t\t\t\t\t<div class=\"elementor-column elementor-col-25 elementor-top-column elementor-element elementor-element-e66494a\" data-id=\"e66494a\" data-element_type=\"column\">\n\t\t\t<div class=\"elementor-widget-wrap elementor-element-populated\">\n\t\t\t\t\t\t\t\t<div class=\"elementor-element elementor-element-519d89b elementor-widget elementor-widget-oew-banner\" data-id=\"519d89b\" data-element_type=\"widget\" data-settings=\"{&quot;_animation&quot;:&quot;none&quot;}\" data-widget_type=\"oew-banner.default\">\n\t\t\t\t<div class=\"elementor-widget-container\">\n\t\t\t\n\t\t<figure class=\"oew-banner oew-sadie\">\n\t\t\t<a class=\"oew-banner-link\" href=\"https:\/\/infiniesgourmandises.fr\/index.php\/patisseries\/\">\t\t\t\t<img width=\"768\" height=\"768\" src=\"https:\/\/infiniesgourmandises.fr\/wp-content\/uploads\/2026\/04\/20260405_1051101-768x768.jpg\" class=\"attachment-medium_large size-medium_large wp-image-8974\" alt=\"\" loading=\"lazy\" srcset=\"https:\/\/infiniesgourmandises.fr\/wp-content\/uploads\/2026\/04\/20260405_1051101-768x768.jpg 768w, https:\/\/infiniesgourmandises.fr\/wp-content\/uploads\/2026\/04\/20260405_1051101-300x300.jpg 300w, https:\/\/infiniesgourmandises.fr\/wp-content\/uploads\/2026\/04\/20260405_1051101-1024x1024.jpg 1024w, https:\/\/infiniesgourmandises.fr\/wp-content\/uploads\/2026\/04\/20260405_1051101-150x150.jpg 150w, https:\/\/infiniesgourmandises.fr\/wp-content\/uploads\/2026\/04\/20260405_1051101-1536x1536.jpg 1536w, https:\/\/infiniesgourmandises.fr\/wp-content\/uploads\/2026\/04\/20260405_1051101-2048x2048.jpg 2048w, https:\/\/infiniesgourmandises.fr\/wp-content\/uploads\/2026\/04\/20260405_1051101-600x600.jpg 600w\" sizes=\"(max-width: 768px) 100vw, 768px\" \/>\t\t\t\t<figcaption>\n\t\t\t\t\t<div class=\"oew-banner-content\">\n\t\t\t\t\t\t<h5 class=\"oew-banner-title\">P\u00e2tisseries<\/h5>\n\t\t\t\t\t\t<div class=\"oew-banner-text\"><\/div>\n\t\t\t\t\t<\/div>\n\t\t\t\t<\/figcaption>\n\t\t\t\t\t\t\t<\/a>\n\t\t\t\t\t<\/figure>\n\n\t\t\t\t<\/div>\n\t\t\t\t<\/div>\n\t\t\t\t\t<\/div>\n\t\t<\/div>\n\t\t\t\t<div class=\"elementor-column elementor-col-25 elementor-top-column elementor-element elementor-element-a1441bb\" data-id=\"a1441bb\" data-element_type=\"column\">\n\t\t\t<div class=\"elementor-widget-wrap elementor-element-populated\">\n\t\t\t\t\t\t\t\t<div class=\"elementor-element elementor-element-ff07265 elementor-widget elementor-widget-oew-banner\" data-id=\"ff07265\" data-element_type=\"widget\" data-settings=\"{&quot;_animation&quot;:&quot;none&quot;}\" data-widget_type=\"oew-banner.default\">\n\t\t\t\t<div class=\"elementor-widget-container\">\n\t\t\t\n\t\t<figure class=\"oew-banner oew-sadie\">\n\t\t\t<a class=\"oew-banner-link\" href=\"https:\/\/infiniesgourmandises.fr\/index.php\/gouter-et-gourmandises\/\">\t\t\t\t<img width=\"768\" height=\"768\" src=\"https:\/\/infiniesgourmandises.fr\/wp-content\/uploads\/2026\/04\/20240728_123336-768x768.jpg\" class=\"attachment-medium_large size-medium_large wp-image-8988\" alt=\"\" loading=\"lazy\" srcset=\"https:\/\/infiniesgourmandises.fr\/wp-content\/uploads\/2026\/04\/20240728_123336-768x768.jpg 768w, https:\/\/infiniesgourmandises.fr\/wp-content\/uploads\/2026\/04\/20240728_123336-300x300.jpg 300w, https:\/\/infiniesgourmandises.fr\/wp-content\/uploads\/2026\/04\/20240728_123336-1024x1024.jpg 1024w, https:\/\/infiniesgourmandises.fr\/wp-content\/uploads\/2026\/04\/20240728_123336-150x150.jpg 150w, https:\/\/infiniesgourmandises.fr\/wp-content\/uploads\/2026\/04\/20240728_123336-1536x1536.jpg 1536w, https:\/\/infiniesgourmandises.fr\/wp-content\/uploads\/2026\/04\/20240728_123336-2048x2048.jpg 2048w, https:\/\/infiniesgourmandises.fr\/wp-content\/uploads\/2026\/04\/20240728_123336-600x600.jpg 600w\" sizes=\"(max-width: 768px) 100vw, 768px\" \/>\t\t\t\t<figcaption>\n\t\t\t\t\t<div class=\"oew-banner-content\">\n\t\t\t\t\t\t<h5 class=\"oew-banner-title\">Number cakes<\/h5>\n\t\t\t\t\t\t<div class=\"oew-banner-text\"><\/div>\n\t\t\t\t\t<\/div>\n\t\t\t\t<\/figcaption>\n\t\t\t\t\t\t\t<\/a>\n\t\t\t\t\t<\/figure>\n\n\t\t\t\t<\/div>\n\t\t\t\t<\/div>\n\t\t\t\t\t<\/div>\n\t\t<\/div>\n\t\t\t\t<div class=\"elementor-column elementor-col-25 elementor-top-column elementor-element elementor-element-f47f3af\" data-id=\"f47f3af\" data-element_type=\"column\">\n\t\t\t<div class=\"elementor-widget-wrap elementor-element-populated\">\n\t\t\t\t\t\t\t\t<div class=\"elementor-element elementor-element-9c2f09d elementor-widget elementor-widget-oew-banner\" data-id=\"9c2f09d\" data-element_type=\"widget\" data-settings=\"{&quot;_animation&quot;:&quot;none&quot;}\" data-widget_type=\"oew-banner.default\">\n\t\t\t\t<div class=\"elementor-widget-container\">\n\t\t\t\n\t\t<figure class=\"oew-banner oew-sadie\">\n\t\t\t<a class=\"oew-banner-link\" href=\"https:\/\/infiniesgourmandises.fr\/index.php\/number-cake\/\">\t\t\t\t<img width=\"768\" height=\"768\" src=\"https:\/\/infiniesgourmandises.fr\/wp-content\/uploads\/2026\/04\/20260411_092125-768x768.jpg\" class=\"attachment-medium_large size-medium_large wp-image-9006\" alt=\"\" loading=\"lazy\" srcset=\"https:\/\/infiniesgourmandises.fr\/wp-content\/uploads\/2026\/04\/20260411_092125-768x768.jpg 768w, https:\/\/infiniesgourmandises.fr\/wp-content\/uploads\/2026\/04\/20260411_092125-300x300.jpg 300w, https:\/\/infiniesgourmandises.fr\/wp-content\/uploads\/2026\/04\/20260411_092125-1024x1024.jpg 1024w, https:\/\/infiniesgourmandises.fr\/wp-content\/uploads\/2026\/04\/20260411_092125-150x150.jpg 150w, https:\/\/infiniesgourmandises.fr\/wp-content\/uploads\/2026\/04\/20260411_092125-1536x1536.jpg 1536w, https:\/\/infiniesgourmandises.fr\/wp-content\/uploads\/2026\/04\/20260411_092125-2048x2048.jpg 2048w, https:\/\/infiniesgourmandises.fr\/wp-content\/uploads\/2026\/04\/20260411_092125-600x600.jpg 600w\" sizes=\"(max-width: 768px) 100vw, 768px\" \/>\t\t\t\t<figcaption>\n\t\t\t\t\t<div class=\"oew-banner-content\">\n\t\t\t\t\t\t<h5 class=\"oew-banner-title\">Cake design<\/h5>\n\t\t\t\t\t\t<div class=\"oew-banner-text\"><\/div>\n\t\t\t\t\t<\/div>\n\t\t\t\t<\/figcaption>\n\t\t\t\t\t\t\t<\/a>\n\t\t\t\t\t<\/figure>\n\n\t\t\t\t<\/div>\n\t\t\t\t<\/div>\n\t\t\t\t\t<\/div>\n\t\t<\/div>\n\t\t\t\t<div class=\"elementor-column elementor-col-25 elementor-top-column elementor-element elementor-element-db7b2b7\" data-id=\"db7b2b7\" data-element_type=\"column\">\n\t\t\t<div class=\"elementor-widget-wrap elementor-element-populated\">\n\t\t\t\t\t\t\t\t<div class=\"elementor-element elementor-element-4f6efca elementor-widget elementor-widget-oew-banner\" data-id=\"4f6efca\" data-element_type=\"widget\" data-settings=\"{&quot;_animation&quot;:&quot;none&quot;}\" data-widget_type=\"oew-banner.default\">\n\t\t\t\t<div class=\"elementor-widget-container\">\n\t\t\t\n\t\t<figure class=\"oew-banner oew-sadie\">\n\t\t\t<a class=\"oew-banner-link\" href=\"https:\/\/infiniesgourmandises.fr\/index.php\/patisseries\/\">\t\t\t\t<img width=\"768\" height=\"768\" src=\"https:\/\/infiniesgourmandises.fr\/wp-content\/uploads\/2026\/03\/20260321_093028-768x768.jpg\" class=\"attachment-medium_large size-medium_large wp-image-8876\" alt=\"\" loading=\"lazy\" srcset=\"https:\/\/infiniesgourmandises.fr\/wp-content\/uploads\/2026\/03\/20260321_093028-768x768.jpg 768w, https:\/\/infiniesgourmandises.fr\/wp-content\/uploads\/2026\/03\/20260321_093028-300x300.jpg 300w, https:\/\/infiniesgourmandises.fr\/wp-content\/uploads\/2026\/03\/20260321_093028-1024x1024.jpg 1024w, https:\/\/infiniesgourmandises.fr\/wp-content\/uploads\/2026\/03\/20260321_093028-150x150.jpg 150w, https:\/\/infiniesgourmandises.fr\/wp-content\/uploads\/2026\/03\/20260321_093028-1536x1536.jpg 1536w, https:\/\/infiniesgourmandises.fr\/wp-content\/uploads\/2026\/03\/20260321_093028-2048x2048.jpg 2048w, https:\/\/infiniesgourmandises.fr\/wp-content\/uploads\/2026\/03\/20260321_093028-600x600.jpg 600w\" sizes=\"(max-width: 768px) 100vw, 768px\" \/>\t\t\t\t<figcaption>\n\t\t\t\t\t<div class=\"oew-banner-content\">\n\t\t\t\t\t\t<h5 class=\"oew-banner-title\">Gourmandises<\/h5>\n\t\t\t\t\t\t<div class=\"oew-banner-text\"><\/div>\n\t\t\t\t\t<\/div>\n\t\t\t\t<\/figcaption>\n\t\t\t\t\t\t\t<\/a>\n\t\t\t\t\t<\/figure>\n\n\t\t\t\t<\/div>\n\t\t\t\t<\/div>\n\t\t\t\t\t<\/div>\n\t\t<\/div>\n\t\t\t\t\t\t\t<\/div>\n\t\t<\/section>\n\t\t\t\t<section class=\"elementor-section elementor-top-section elementor-element elementor-element-1011ebf elementor-section-boxed elementor-section-height-default elementor-section-height-default\" data-id=\"1011ebf\" data-element_type=\"section\">\n\t\t\t\t\t\t<div class=\"elementor-container elementor-column-gap-default\">\n\t\t\t\t\t<div class=\"elementor-column elementor-col-100 elementor-top-column elementor-element elementor-element-a1fa978\" data-id=\"a1fa978\" data-element_type=\"column\">\n\t\t\t<div class=\"elementor-widget-wrap elementor-element-populated\">\n\t\t\t\t\t\t\t\t<div class=\"elementor-element elementor-element-e74f28a elementor-widget elementor-widget-text-editor\" data-id=\"e74f28a\" data-element_type=\"widget\" data-widget_type=\"text-editor.default\">\n\t\t\t\t<div class=\"elementor-widget-container\">\n\t\t\t\t\t\t\t<h4>Vente de p\u00e2tisseries sur commande \u00e0 Villeneuve Loubet<\/h4>\t\t\t\t\t\t<\/div>\n\t\t\t\t<\/div>\n\t\t\t\t\t<\/div>\n\t\t<\/div>\n\t\t\t\t\t\t\t<\/div>\n\t\t<\/section>\n\t\t\t\t<section class=\"elementor-section elementor-top-section elementor-element elementor-element-16e2c88 elementor-section-boxed elementor-section-height-default elementor-section-height-default\" data-id=\"16e2c88\" data-element_type=\"section\">\n\t\t\t\t\t\t<div class=\"elementor-container elementor-column-gap-default\">\n\t\t\t\t\t<div class=\"elementor-column elementor-col-100 elementor-top-column elementor-element elementor-element-3daf34e\" data-id=\"3daf34e\" data-element_type=\"column\">\n\t\t\t<div class=\"elementor-widget-wrap elementor-element-populated\">\n\t\t\t\t\t\t\t\t<div class=\"elementor-element elementor-element-b506fb3 elementor-widget elementor-widget-text-editor\" data-id=\"b506fb3\" data-element_type=\"widget\" data-widget_type=\"text-editor.default\">\n\t\t\t\t<div class=\"elementor-widget-container\">\n\t\t\t\t\t\t\t<p><span style=\"font-size: 15px;\">Fonctionnement des commandes :<\/span><\/p><p><span style=\"font-size: 15px;\">Vous pouvez commander par t\u00e9l\u00e9phone ou par sms (\u00e0 privil\u00e9gier) au 06.61.17.38.37.<\/span><\/p><p style=\"font-variant-ligatures: normal; font-variant-caps: normal; font-family: Lora; font-size: 15px; font-style: normal;\"><span style=\"font-size: 15px;\">D\u00e9lais de confection : Il est <strong>conseill\u00e9<\/strong><b>\u00a0<\/b>de passer commande le plus t\u00f4t possible<b>\u00a0<\/b><\/span><span style=\"font-size: 15px;\"><span style=\"font-size: 15px;\"><b>\u00a0<\/b><\/span><span style=\"font-weight: bold; font-size: 15px;\">1 semaine <\/span><span style=\"font-size: 15px;\">en avance pour les p\u00e2tisseries, gourmandises et numbercakes classique, <\/span><span style=\"font-weight: bold; font-size: 15px;\">2 semaines minimum <\/span><span style=\"font-size: 15px;\">pour les cake design et number-cakes \u00e0 th\u00e8me,\u00a0<\/span><span style=\"font-size: 15px;\">et beaucoup plus pour les grands \u00e9v\u00e8nements,<\/span><span style=\"font-size: 15px;\"> p\u00e9riodes charg\u00e9es, mariages, No\u00ebl etc&#8230; (Prise de commande dans la limite de la capacit\u00e9 de production). <\/span><\/span>Si vous souhaitez passer commande dans un d\u00e9lai plus court, veuillez envoyer un sms directement, nous essaierons toujours de vous accommoder dans la mesure du possible.<\/p><p style=\"font-variant-ligatures: normal; font-variant-caps: normal; font-family: Lora; font-size: 15px; font-style: normal;\"><span style=\"font-size: 15px;\"><span style=\"font-size: 15px;\">Tous les g\u00e2teaux seront disponibles \u00e0 partir de 10h et devront \u00eatre r\u00e9cup\u00e9r\u00e9s avant la fermeture de l&rsquo;atelier.<\/span><\/span><\/p><p style=\"font-variant-ligatures: normal; font-variant-caps: normal; font-family: Lora; font-size: 15px; font-style: normal; font-weight: 400;\"><span style=\"font-size: 15px;\">Lors de l&rsquo;enregistrement de la commande Infinies gourmandises se r\u00e9serve le droit de demander un paiement int\u00e9gral de celle-ci. Toute commande ne sera accept\u00e9e qu&rsquo;apr\u00e8s un accord \u00e9crit de l&rsquo;entreprise Infinies Gourmandises.<\/span><\/p><p><span style=\"font-size: 15px;\">Le Retrait des commandes se fait du <b>mercredi au dimanche<\/b>\u00a0soit en passant par le 3 avenue de la Libert\u00e9 (Chez Tillia) ou en acc\u00e9dant directement \u00e0 l&rsquo;atelier par le 23 rue du Lieutenant Joseph Aschier, 06270 Villeneuve Loubet aux horaires d\u00e9finis lors de la confirmation \u00e9crite.<\/span><\/p><p>Horaires d&rsquo;ouverture :<\/p><p>Mercredi &#8211; jeudi &#8211; Vendredi :\u00a0<span style=\"font-size: 15px;\">9h &#8211; 12h \/ 14h &#8211; 17h<\/span><\/p><p>Samedi &#8211; dimanche :\u00a0<span style=\"font-size: 15px;\">10h &#8211; 12h<\/span><\/p>\t\t\t\t\t\t<\/div>\n\t\t\t\t<\/div>\n\t\t\t\t\t<\/div>\n\t\t<\/div>\n\t\t\t\t\t\t\t<\/div>\n\t\t<\/section>\n\t\t\t\t\t\t\t<\/div>\n\t\t","protected":false},"excerpt":{"rendered":"<p>Infinies Gourmandises P\u00e2tisseries Number cakes Cake design Gourmandises Vente de p\u00e2tisseries sur commande \u00e0 Villeneuve Loubet Fonctionnement des commandes : Vous pouvez commander par t\u00e9l\u00e9phone ou par sms (\u00e0 privil\u00e9gier) au 06.61.17.38.37. D\u00e9lais de confection : Il est conseill\u00e9\u00a0de passer commande le plus t\u00f4t possible\u00a0\u00a01 semaine en avance pour les p\u00e2tisseries, gourmandises et numbercakes classique, [&hellip;]<\/p>\n","protected":false},"author":1,"featured_media":0,"parent":0,"menu_order":0,"comment_status":"closed","ping_status":"closed","template":"","meta":{"_seopress_robots_primary_cat":"","_seopress_titles_title":"Accueil : infinies gourmandises","_seopress_titles_desc":"vente de p\u00e2tisseries sur commande \u00e0 Villeneuve-Loubet. Entremets, tartes, macarons, g\u00e2teaux d&#039;anniversaire, layercake, g\u00e2teaux personnalis\u00e9s. %%post_excerpt%%","_seopress_robots_index":"","_exactmetrics_skip_tracking":false,"_exactmetrics_sitenote_active":false,"_exactmetrics_sitenote_note":"","_exactmetrics_sitenote_category":0,"ocean_post_layout":"full-screen","ocean_both_sidebars_style":"","ocean_both_sidebars_content_width":0,"ocean_both_sidebars_sidebars_width":0,"ocean_sidebar":"0","ocean_second_sidebar":"0","ocean_disable_margins":"on","ocean_add_body_class":"","ocean_shortcode_before_top_bar":"","ocean_shortcode_after_top_bar":"","ocean_shortcode_before_header":"","ocean_shortcode_after_header":"","ocean_has_shortcode":"","ocean_shortcode_after_title":"","ocean_shortcode_before_footer_widgets":"","ocean_shortcode_after_footer_widgets":"","ocean_shortcode_before_footer_bottom":"","ocean_shortcode_after_footer_bottom":"","ocean_display_top_bar":"off","ocean_display_header":"on","ocean_header_style":"transparent","ocean_center_header_left_menu":"0","ocean_custom_header_template":"0","ocean_custom_logo":0,"ocean_custom_retina_logo":0,"ocean_custom_logo_max_width":0,"ocean_custom_logo_tablet_max_width":0,"ocean_custom_logo_mobile_max_width":0,"ocean_custom_logo_max_height":0,"ocean_custom_logo_tablet_max_height":0,"ocean_custom_logo_mobile_max_height":0,"ocean_header_custom_menu":"0","ocean_menu_typo_font_family":"0","ocean_menu_typo_font_subset":"","ocean_menu_typo_font_size":0,"ocean_menu_typo_font_size_tablet":0,"ocean_menu_typo_font_size_mobile":0,"ocean_menu_typo_font_size_unit":"px","ocean_menu_typo_font_weight":"","ocean_menu_typo_font_weight_tablet":"","ocean_menu_typo_font_weight_mobile":"","ocean_menu_typo_transform":"","ocean_menu_typo_transform_tablet":"","ocean_menu_typo_transform_mobile":"","ocean_menu_typo_line_height":0,"ocean_menu_typo_line_height_tablet":0,"ocean_menu_typo_line_height_mobile":0,"ocean_menu_typo_line_height_unit":"","ocean_menu_typo_spacing":0,"ocean_menu_typo_spacing_tablet":0,"ocean_menu_typo_spacing_mobile":0,"ocean_menu_typo_spacing_unit":"","ocean_menu_link_color":"","ocean_menu_link_color_hover":"","ocean_menu_link_color_active":"","ocean_menu_link_background":"","ocean_menu_link_hover_background":"","ocean_menu_link_active_background":"","ocean_menu_social_links_bg":"","ocean_menu_social_hover_links_bg":"","ocean_menu_social_links_color":"","ocean_menu_social_hover_links_color":"","ocean_disable_title":"on","ocean_disable_heading":"on","ocean_post_title":"Accueil","ocean_post_subheading":"Vente de p\u00e2tisseries sur commande \u00e0 Villeneuve Loubet","ocean_post_title_style":"","ocean_post_title_background_color":"#a9336d","ocean_post_title_background":0,"ocean_post_title_bg_image_position":"","ocean_post_title_bg_image_attachment":"","ocean_post_title_bg_image_repeat":"","ocean_post_title_bg_image_size":"","ocean_post_title_height":400,"ocean_post_title_bg_overlay":0.5,"ocean_post_title_bg_overlay_color":"","ocean_disable_breadcrumbs":"default","ocean_breadcrumbs_color":"","ocean_breadcrumbs_separator_color":"","ocean_breadcrumbs_links_color":"","ocean_breadcrumbs_links_hover_color":"","ocean_display_footer_widgets":"default","ocean_display_footer_bottom":"default","ocean_custom_footer_template":"0","ofc_meta_disable_footer_callout":"","ofc_meta_callout_button_url":"","ofc_meta_callout_button_txt":"","ofc_meta_callout_text":"","ofc_enable_fullscreen":"disable","ofc_fullscreen_speed":0,"ofc_fullscreen_nav":"enable","ofc_fullscreen_nav_pos":"right","ofc_fullscreen_nav_color":"","ofc_fullscreen_nav_tooltip_color":"","ofc_fullscreen_responsive":0,"osp_disable_panel":"default","osh_disable_topbar_sticky":"default","osh_disable_header_sticky":"default","osh_sticky_header_style":"default","osh_sticky_header_effect":"","osh_custom_sticky_logo":0,"osh_custom_retina_sticky_logo":0,"osh_custom_sticky_logo_height":0,"osh_background_color":"","osh_links_color":"","osh_links_hover_color":"","osh_links_active_color":"","osh_links_bg_color":"","osh_links_hover_bg_color":"","osh_links_active_bg_color":"","osh_menu_social_links_color":"","osh_menu_social_hover_links_color":""},"_links":{"self":[{"href":"https:\/\/infiniesgourmandises.fr\/index.php\/wp-json\/wp\/v2\/pages\/1308"}],"collection":[{"href":"https:\/\/infiniesgourmandises.fr\/index.php\/wp-json\/wp\/v2\/pages"}],"about":[{"href":"https:\/\/infiniesgourmandises.fr\/index.php\/wp-json\/wp\/v2\/types\/page"}],"author":[{"embeddable":true,"href":"https:\/\/infiniesgourmandises.fr\/index.php\/wp-json\/wp\/v2\/users\/1"}],"replies":[{"embeddable":true,"href":"https:\/\/infiniesgourmandises.fr\/index.php\/wp-json\/wp\/v2\/comments?post=1308"}],"version-history":[{"count":1100,"href":"https:\/\/infiniesgourmandises.fr\/index.php\/wp-json\/wp\/v2\/pages\/1308\/revisions"}],"predecessor-version":[{"id":9038,"href":"https:\/\/infiniesgourmandises.fr\/index.php\/wp-json\/wp\/v2\/pages\/1308\/revisions\/9038"}],"wp:attachment":[{"href":"https:\/\/infiniesgourmandises.fr\/index.php\/wp-json\/wp\/v2\/media?parent=1308"}],"curies":[{"name":"wp","href":"https:\/\/api.w.org\/{rel}","templated":true}]}}